{"id":31,"date":"2021-10-20T18:23:42","date_gmt":"2021-10-20T18:23:42","guid":{"rendered":"https:\/\/34.139.114.160\/?page_id=31"},"modified":"2023-04-02T18:25:36","modified_gmt":"2023-04-02T18:25:36","slug":"saludo-mayordomo","status":"publish","type":"page","link":"https:\/\/virgendelremedioutiel.com\/?page_id=31","title":{"rendered":"Saludo del Mayordomo"},"content":{"rendered":"\t\t<div data-elementor-type=\"wp-page\" data-elementor-id=\"31\" class=\"elementor elementor-31\" data-elementor-post-type=\"page\">\n\t\t\t\t\t\t<section class=\"elementor-section elementor-top-section elementor-element elementor-element-fb16512 elementor-section-full_width elementor-section-stretched elementor-section-height-default elementor-section-height-default\" data-id=\"fb16512\" data-element_type=\"section\" data-settings=\"{&quot;stretch_section&quot;:&quot;section-stretched&quot;,&quot;animation&quot;:&quot;none&quot;}\">\n\t\t\t\t\t\t<div class=\"elementor-container elementor-column-gap-default\">\n\t\t\t\t\t<div class=\"elementor-column elementor-col-25 elementor-top-column elementor-element elementor-element-6515a15\" data-id=\"6515a15\" data-element_type=\"column\">\n\t\t\t<div class=\"elementor-widget-wrap elementor-element-populated\">\n\t\t\t\t\t\t<div class=\"elementor-element elementor-element-6022866 elementor-align-center elementor-widget elementor-widget-button\" data-id=\"6022866\" data-element_type=\"widget\" data-widget_type=\"button.default\">\n\t\t\t\t<div class=\"elementor-widget-container\">\n\t\t\t\t\t<div class=\"elementor-button-wrapper\">\n\t\t\t<a class=\"elementor-button elementor-button-link elementor-size-md elementor-animation-grow\" href=\"https:\/\/virgendelremedioutiel.com\/?page_id=6673\">\n\t\t\t\t\t\t<span class=\"elementor-button-content-wrapper\">\n\t\t\t\t\t\t<span class=\"elementor-button-icon elementor-align-icon-left\">\n\t\t\t\t<i aria-hidden=\"true\" class=\"fas fa-church\"><\/i>\t\t\t<\/span>\n\t\t\t\t\t\t<span class=\"elementor-button-text\">Real Cofrad\u00eda<\/span>\n\t\t<\/span>\n\t\t\t\t\t<\/a>\n\t\t<\/div>\n\t\t\t\t<\/div>\n\t\t\t\t<\/div>\n\t\t\t\t\t<\/div>\n\t\t<\/div>\n\t\t\t\t<div class=\"elementor-column elementor-col-25 elementor-top-column elementor-element elementor-element-c2c5b71\" data-id=\"c2c5b71\" data-element_type=\"column\">\n\t\t\t<div class=\"elementor-widget-wrap elementor-element-populated\">\n\t\t\t\t\t\t<div class=\"elementor-element elementor-element-9c8f88e elementor-align-center elementor-widget elementor-widget-button\" data-id=\"9c8f88e\" data-element_type=\"widget\" data-widget_type=\"button.default\">\n\t\t\t\t<div class=\"elementor-widget-container\">\n\t\t\t\t\t<div class=\"elementor-button-wrapper\">\n\t\t\t<a class=\"elementor-button elementor-button-link elementor-size-md elementor-animation-grow\" href=\"https:\/\/virgendelremedioutiel.com\/?page_id=9961\">\n\t\t\t\t\t\t<span class=\"elementor-button-content-wrapper\">\n\t\t\t\t\t\t<span class=\"elementor-button-icon elementor-align-icon-left\">\n\t\t\t\t<i aria-hidden=\"true\" class=\"fas fa-church\"><\/i>\t\t\t<\/span>\n\t\t\t\t\t\t<span class=\"elementor-button-text\">Saludo del P\u00e1rroco<\/span>\n\t\t<\/span>\n\t\t\t\t\t<\/a>\n\t\t<\/div>\n\t\t\t\t<\/div>\n\t\t\t\t<\/div>\n\t\t\t\t\t<\/div>\n\t\t<\/div>\n\t\t\t\t<div class=\"elementor-column elementor-col-25 elementor-top-column elementor-element elementor-element-bc4827c\" data-id=\"bc4827c\" data-element_type=\"column\">\n\t\t\t<div class=\"elementor-widget-wrap elementor-element-populated\">\n\t\t\t\t\t\t<div class=\"elementor-element elementor-element-3254b0a elementor-align-center elementor-widget elementor-widget-button\" data-id=\"3254b0a\" data-element_type=\"widget\" data-widget_type=\"button.default\">\n\t\t\t\t<div class=\"elementor-widget-container\">\n\t\t\t\t\t<div class=\"elementor-button-wrapper\">\n\t\t\t<a class=\"elementor-button elementor-size-md\" role=\"button\">\n\t\t\t\t\t\t<span class=\"elementor-button-content-wrapper\">\n\t\t\t\t\t\t<span class=\"elementor-button-icon elementor-align-icon-left\">\n\t\t\t\t<i aria-hidden=\"true\" class=\"fas fa-church\"><\/i>\t\t\t<\/span>\n\t\t\t\t\t\t<span class=\"elementor-button-text\">Saludo del Mayordomo<\/span>\n\t\t<\/span>\n\t\t\t\t\t<\/a>\n\t\t<\/div>\n\t\t\t\t<\/div>\n\t\t\t\t<\/div>\n\t\t\t\t\t<\/div>\n\t\t<\/div>\n\t\t\t\t<div class=\"elementor-column elementor-col-25 elementor-top-column elementor-element elementor-element-15cd596\" data-id=\"15cd596\" data-element_type=\"column\">\n\t\t\t<div class=\"elementor-widget-wrap elementor-element-populated\">\n\t\t\t\t\t\t<div class=\"elementor-element elementor-element-6b1a88c elementor-align-center elementor-widget elementor-widget-button\" data-id=\"6b1a88c\" data-element_type=\"widget\" data-widget_type=\"button.default\">\n\t\t\t\t<div class=\"elementor-widget-container\">\n\t\t\t\t\t<div class=\"elementor-button-wrapper\">\n\t\t\t<a class=\"elementor-button elementor-button-link elementor-size-md elementor-animation-grow\" href=\"https:\/\/virgendelremedioutiel.com\/?page_id=420\">\n\t\t\t\t\t\t<span class=\"elementor-button-content-wrapper\">\n\t\t\t\t\t\t<span class=\"elementor-button-icon elementor-align-icon-left\">\n\t\t\t\t<i aria-hidden=\"true\" class=\"fas fa-church\"><\/i>\t\t\t<\/span>\n\t\t\t\t\t\t<span class=\"elementor-button-text\">Historia<\/span>\n\t\t<\/span>\n\t\t\t\t\t<\/a>\n\t\t<\/div>\n\t\t\t\t<\/div>\n\t\t\t\t<\/div>\n\t\t\t\t\t<\/div>\n\t\t<\/div>\n\t\t\t\t\t<\/div>\n\t\t<\/section>\n\t\t\t\t<section class=\"elementor-section elementor-top-section elementor-element elementor-element-d22e409 elementor-section-full_width elementor-section-stretched elementor-section-content-middle elementor-section-height-default elementor-section-height-default\" data-id=\"d22e409\" data-element_type=\"section\" data-settings=\"{&quot;stretch_section&quot;:&quot;section-stretched&quot;}\">\n\t\t\t\t\t\t<div class=\"elementor-container elementor-column-gap-default\">\n\t\t\t\t\t<div class=\"elementor-column elementor-col-25 elementor-top-column elementor-element elementor-element-c7a2eea\" data-id=\"c7a2eea\" data-element_type=\"column\">\n\t\t\t<div class=\"elementor-widget-wrap elementor-element-populated\">\n\t\t\t\t\t\t<div class=\"elementor-element elementor-element-2216e86 elementor-align-center elementor-widget elementor-widget-button\" data-id=\"2216e86\" data-element_type=\"widget\" data-widget_type=\"button.default\">\n\t\t\t\t<div class=\"elementor-widget-container\">\n\t\t\t\t\t<div class=\"elementor-button-wrapper\">\n\t\t\t<a class=\"elementor-button elementor-button-link elementor-size-md elementor-animation-grow\" href=\"https:\/\/virgendelremedioutiel.com\/?page_id=6690\">\n\t\t\t\t\t\t<span class=\"elementor-button-content-wrapper\">\n\t\t\t\t\t\t<span class=\"elementor-button-icon elementor-align-icon-left\">\n\t\t\t\t<i aria-hidden=\"true\" class=\"fas fa-church\"><\/i>\t\t\t<\/span>\n\t\t\t\t\t\t<span class=\"elementor-button-text\">Gobierno<\/span>\n\t\t<\/span>\n\t\t\t\t\t<\/a>\n\t\t<\/div>\n\t\t\t\t<\/div>\n\t\t\t\t<\/div>\n\t\t\t\t\t<\/div>\n\t\t<\/div>\n\t\t\t\t<div class=\"elementor-column elementor-col-25 elementor-top-column elementor-element elementor-element-97c526e\" data-id=\"97c526e\" data-element_type=\"column\">\n\t\t\t<div class=\"elementor-widget-wrap\">\n\t\t\t\t\t\t\t<\/div>\n\t\t<\/div>\n\t\t\t\t<div class=\"elementor-column elementor-col-25 elementor-top-column elementor-element elementor-element-2cccbf3\" data-id=\"2cccbf3\" data-element_type=\"column\">\n\t\t\t<div class=\"elementor-widget-wrap elementor-element-populated\">\n\t\t\t\t\t\t<div class=\"elementor-element elementor-element-841dbc7 elementor-align-center elementor-widget elementor-widget-button\" data-id=\"841dbc7\" data-element_type=\"widget\" data-widget_type=\"button.default\">\n\t\t\t\t<div class=\"elementor-widget-container\">\n\t\t\t\t\t<div class=\"elementor-button-wrapper\">\n\t\t\t<a class=\"elementor-button elementor-button-link elementor-size-md elementor-animation-grow\" href=\"https:\/\/virgendelremedioutiel.com\/?page_id=6721\">\n\t\t\t\t\t\t<span class=\"elementor-button-content-wrapper\">\n\t\t\t\t\t\t<span class=\"elementor-button-icon elementor-align-icon-left\">\n\t\t\t\t<i aria-hidden=\"true\" class=\"fas fa-church\"><\/i>\t\t\t<\/span>\n\t\t\t\t\t\t<span class=\"elementor-button-text\">Ordenanzas \/ Reglamento<\/span>\n\t\t<\/span>\n\t\t\t\t\t<\/a>\n\t\t<\/div>\n\t\t\t\t<\/div>\n\t\t\t\t<\/div>\n\t\t\t\t\t<\/div>\n\t\t<\/div>\n\t\t\t\t<div class=\"elementor-column elementor-col-25 elementor-top-column elementor-element elementor-element-f3dcb2b\" data-id=\"f3dcb2b\" data-element_type=\"column\">\n\t\t\t<div class=\"elementor-widget-wrap elementor-element-populated\">\n\t\t\t\t\t\t<div class=\"elementor-element elementor-element-971e3bc elementor-align-center elementor-widget elementor-widget-button\" data-id=\"971e3bc\" data-element_type=\"widget\" data-widget_type=\"button.default\">\n\t\t\t\t<div class=\"elementor-widget-container\">\n\t\t\t\t\t<div class=\"elementor-button-wrapper\">\n\t\t\t<a class=\"elementor-button elementor-button-link elementor-size-md elementor-animation-grow\" href=\"https:\/\/virgendelremedioutiel.com\/?page_id=6885\">\n\t\t\t\t\t\t<span class=\"elementor-button-content-wrapper\">\n\t\t\t\t\t\t<span class=\"elementor-button-icon elementor-align-icon-left\">\n\t\t\t\t<i aria-hidden=\"true\" class=\"fas fa-church\"><\/i>\t\t\t<\/span>\n\t\t\t\t\t\t<span class=\"elementor-button-text\">Alta de cofrades<\/span>\n\t\t<\/span>\n\t\t\t\t\t<\/a>\n\t\t<\/div>\n\t\t\t\t<\/div>\n\t\t\t\t<\/div>\n\t\t\t\t\t<\/div>\n\t\t<\/div>\n\t\t\t\t\t<\/div>\n\t\t<\/section>\n\t\t\t\t<section class=\"elementor-section elementor-top-section elementor-element elementor-element-9b7614a elementor-section-boxed elementor-section-height-default elementor-section-height-default\" data-id=\"9b7614a\" data-element_type=\"section\">\n\t\t\t\t\t\t<div class=\"elementor-container elementor-column-gap-default\">\n\t\t\t\t\t<div class=\"elementor-column elementor-col-100 elementor-top-column elementor-element elementor-element-350293a\" data-id=\"350293a\" data-element_type=\"column\">\n\t\t\t<div class=\"elementor-widget-wrap elementor-element-populated\">\n\t\t\t\t\t\t<div class=\"elementor-element elementor-element-752ebdb elementor-widget elementor-widget-spacer\" data-id=\"752ebdb\" data-element_type=\"widget\" data-widget_type=\"spacer.default\">\n\t\t\t\t<div class=\"elementor-widget-container\">\n\t\t\t\t\t<div class=\"elementor-spacer\">\n\t\t\t<div class=\"elementor-spacer-inner\"><\/div>\n\t\t<\/div>\n\t\t\t\t<\/div>\n\t\t\t\t<\/div>\n\t\t\t\t\t<\/div>\n\t\t<\/div>\n\t\t\t\t\t<\/div>\n\t\t<\/section>\n\t\t\t\t<section class=\"elementor-section elementor-top-section elementor-element elementor-element-8826ef2 elementor-section-boxed elementor-section-height-default elementor-section-height-default\" data-id=\"8826ef2\" data-element_type=\"section\">\n\t\t\t\t\t\t<div class=\"elementor-container elementor-column-gap-default\">\n\t\t\t\t\t<div class=\"elementor-column elementor-col-100 elementor-top-column elementor-element elementor-element-b38ef46\" data-id=\"b38ef46\" data-element_type=\"column\">\n\t\t\t<div class=\"elementor-widget-wrap elementor-element-populated\">\n\t\t\t\t\t\t<div class=\"elementor-element elementor-element-4c4798c elementor-widget elementor-widget-heading\" data-id=\"4c4798c\" data-element_type=\"widget\" data-widget_type=\"heading.default\">\n\t\t\t\t<div class=\"elementor-widget-container\">\n\t\t\t<h2 class=\"elementor-heading-title elementor-size-xl\">Saludo del Mayordomo<\/h2>\t\t<\/div>\n\t\t\t\t<\/div>\n\t\t\t\t\t<\/div>\n\t\t<\/div>\n\t\t\t\t\t<\/div>\n\t\t<\/section>\n\t\t\t\t<section class=\"elementor-section elementor-top-section elementor-element elementor-element-4a6b014 elementor-section-boxed elementor-section-height-default elementor-section-height-default\" data-id=\"4a6b014\" data-element_type=\"section\">\n\t\t\t\t\t\t<div class=\"elementor-container elementor-column-gap-default\">\n\t\t\t\t\t<div class=\"elementor-column elementor-col-100 elementor-top-column elementor-element elementor-element-c74b0f7\" data-id=\"c74b0f7\" data-element_type=\"column\">\n\t\t\t<div class=\"elementor-widget-wrap elementor-element-populated\">\n\t\t\t\t\t\t<div class=\"elementor-element elementor-element-e1681cd elementor-widget elementor-widget-text-editor\" data-id=\"e1681cd\" data-element_type=\"widget\" data-widget_type=\"text-editor.default\">\n\t\t\t\t<div class=\"elementor-widget-container\">\n\t\t\t\t\t\t\t<p><img fetchpriority=\"high\" decoding=\"async\" class=\"alignleft wp-image-6678\" src=\"https:\/\/virgendelremedioutiel.com\/wp-content\/uploads\/2021\/11\/imagen-saludo-mayordomo-974x1024.jpg\" alt=\"\" width=\"500\" height=\"526\" srcset=\"https:\/\/virgendelremedioutiel.com\/wp-content\/uploads\/2021\/11\/imagen-saludo-mayordomo-974x1024.jpg 974w, https:\/\/virgendelremedioutiel.com\/wp-content\/uploads\/2021\/11\/imagen-saludo-mayordomo-285x300.jpg 285w, https:\/\/virgendelremedioutiel.com\/wp-content\/uploads\/2021\/11\/imagen-saludo-mayordomo-768x807.jpg 768w, https:\/\/virgendelremedioutiel.com\/wp-content\/uploads\/2021\/11\/imagen-saludo-mayordomo.jpg 1330w\" sizes=\"(max-width: 500px) 100vw, 500px\" \/>La Real Cofrad\u00eda de Nuestra Se\u00f1ora del Remedio, Patrona de la Ciudad de Utiel, desde su fundaci\u00f3n en 1606, defiende d\u00eda a d\u00eda, desde el amor a Nuestra Madre, la Virgen del Remedio, los mejores sentimientos de las personas y sus pueblos, e intenta poner soluciones a las maldades que los humanos somos capaces de generar.<\/p><p>Siempre recordando el pasado, pero trabajando el presente, para mejorar el futuro. Con humildad, pero con constancia. Con objetivos muy claros, pero con actividades diarias, con programas y medios para conseguirlos. Nuestra Cofrad\u00eda tiene un \u00fanico y extraordinario Patrimonio Material, pero lo que realmente nos hace vivir, sentir y vibrar es el gran Patrimonio Inmaterial, que por medio de la Real Cofrad\u00eda se encauza.<\/p><p><strong><em>Dar vida a una p\u00e1gina web, que verse<\/em><\/strong><em><strong> sobre la devoci\u00f3n de Nuestra Se\u00f1ora del Remedio, y sobre el Santuario de la Virgen del Remedio de Utiel<\/strong>, de forma que el visitante pueda descubrir, a trav<\/em>\u00e9s de los distintos espacios, la leyenda de Juan de Arg\u00e9s, los\u00a0 diversos elementos simb\u00f3licos en su decoraci\u00f3n, aspectos etnol\u00f3gicos en su relaci\u00f3n con el pueblo de Utiel, las romer\u00edas, y dem\u00e1s tradiciones&#8230; , es el objetivo de esta presentaci\u00f3n, con contenidos atractivos, coherentes y rigurosos.<\/p><p>Utilizando las m\u00e1s modernas t\u00e9cnicas audiovisuales. Con una realizaci\u00f3n actual, un depurado dise\u00f1o gr\u00e1fico y un contenido cuidado, estudiado y sugerente, se estructura un contenido que permitir\u00e1 distintos niveles de lectura de forma que resulte atractivo a personas de todas las edades.<\/p><p>La intenci\u00f3n de la creaci\u00f3n de este recorrido virtual es informar, documentar y ense\u00f1ar pretendiendo convertir esta visita en una experiencia \u00fanica, de la que poder disfrutar con todos los sentidos.<\/p><p style=\"text-align: center;\"><em><strong>&#8220;Vivir en Cofrad\u00eda, es posiblemente la mejor manera de vivir la vida.&#8221;<\/strong><\/em><\/p><p style=\"text-align: right;\">&#8211; Don Enrique Luj\u00e1n Castro-\u00a0<\/p>\t\t\t\t\t\t<\/div>\n\t\t\t\t<\/div>\n\t\t\t\t\t<\/div>\n\t\t<\/div>\n\t\t\t\t\t<\/div>\n\t\t<\/section>\n\t\t\t\t<section class=\"elementor-section elementor-top-section elementor-element elementor-element-534a574 elementor-section-boxed elementor-section-height-default elementor-section-height-default\" data-id=\"534a574\" data-element_type=\"section\">\n\t\t\t\t\t\t<div class=\"elementor-container elementor-column-gap-default\">\n\t\t\t\t\t<div class=\"elementor-column elementor-col-100 elementor-top-column elementor-element elementor-element-48bbc1c\" data-id=\"48bbc1c\" data-element_type=\"column\">\n\t\t\t<div class=\"elementor-widget-wrap elementor-element-populated\">\n\t\t\t\t\t\t<div class=\"elementor-element elementor-element-39ad9e4 elementor-widget elementor-widget-spacer\" data-id=\"39ad9e4\" data-element_type=\"widget\" data-widget_type=\"spacer.default\">\n\t\t\t\t<div class=\"elementor-widget-container\">\n\t\t\t\t\t<div class=\"elementor-spacer\">\n\t\t\t<div class=\"elementor-spacer-inner\"><\/div>\n\t\t<\/div>\n\t\t\t\t<\/div>\n\t\t\t\t<\/div>\n\t\t\t\t\t<\/div>\n\t\t<\/div>\n\t\t\t\t\t<\/div>\n\t\t<\/section>\n\t\t\t\t<section class=\"elementor-section elementor-top-section elementor-element elementor-element-74d83ba elementor-section-boxed elementor-section-height-default elementor-section-height-default\" data-id=\"74d83ba\" data-element_type=\"section\">\n\t\t\t\t\t\t<div class=\"elementor-container elementor-column-gap-default\">\n\t\t\t\t\t<div class=\"elementor-column elementor-col-100 elementor-top-column elementor-element elementor-element-8f65d86\" data-id=\"8f65d86\" data-element_type=\"column\">\n\t\t\t<div class=\"elementor-widget-wrap elementor-element-populated\">\n\t\t\t\t\t\t<div class=\"elementor-element elementor-element-954e60d elementor-widget elementor-widget-heading\" data-id=\"954e60d\" data-element_type=\"widget\" data-widget_type=\"heading.default\">\n\t\t\t\t<div class=\"elementor-widget-container\">\n\t\t\t<h2 class=\"elementor-heading-title elementor-size-large\">El Mayordomo<\/h2>\t\t<\/div>\n\t\t\t\t<\/div>\n\t\t\t\t\t<\/div>\n\t\t<\/div>\n\t\t\t\t\t<\/div>\n\t\t<\/section>\n\t\t\t\t<section class=\"elementor-section elementor-top-section elementor-element elementor-element-a1a1688 elementor-section-boxed elementor-section-height-default elementor-section-height-default\" data-id=\"a1a1688\" data-element_type=\"section\">\n\t\t\t\t\t\t<div class=\"elementor-container elementor-column-gap-default\">\n\t\t\t\t\t<div class=\"elementor-column elementor-col-100 elementor-top-column elementor-element elementor-element-8174f6b\" data-id=\"8174f6b\" data-element_type=\"column\">\n\t\t\t<div class=\"elementor-widget-wrap elementor-element-populated\">\n\t\t\t\t\t\t<div class=\"elementor-element elementor-element-47cdcac elementor-widget elementor-widget-text-editor\" data-id=\"47cdcac\" data-element_type=\"widget\" data-widget_type=\"text-editor.default\">\n\t\t\t\t<div class=\"elementor-widget-container\">\n\t\t\t\t\t\t\t<p>El Mayordomo es el cargo m\u00e1s importante y fundamental que puede ostentar un seglar dentro de la Cofrad\u00eda. En \u00e9l han depositado su confianza los cofrades al elegirle, y el Alcalde del M.I. Ayuntamiento al confirmarle. Sobre sus hombros pesa la vida social, econ\u00f3mica y diplom\u00e1tica de la Cofrad\u00eda. Debe velar como el que m\u00e1s por los intereses de la misma. Y con su ejemplo debe estimular a los cofrades en el cumplimiento de los compromisos que han contra\u00eddo.<\/p><p>La figura del Mayordomo es, para la historia de las Cofrad\u00edas, fundamental.<\/p><p>Desde aspectos como su propia trayectoria personal hasta la decisi\u00f3n de acompa\u00f1arse por las personas que compusieron sus respectivas Juntas Directiva o de Gobierno, han sido factores clave para el devenir de la Cofrad\u00eda. Son imagen y responsables de nuestro pasado, presente y futuro. Ninguna Cofrad\u00eda puede avanzar en el tiempo sin agradecer y valorar el trabajo y el esfuerzo realizado por todas estas personas.<\/p><p>Como parte de la historia que son, en la siguiente relaci\u00f3n, se se\u00f1alan los Mayordomos que han dirigido la Real Cofrad\u00eda desde su fundaci\u00f3n en 1608:<\/p><p>( 1566 &#8211; &#8230; )\u00a0 \u00a0 \u00a0 \u00a0 \u00a0Designados por el consejo mayordomos por un a\u00f1o Juan Gadea y Andr\u00e9s Sig\u00fcenza.<\/p><p>( 1606 &#8211; &#8230; )\u00a0 \u00a0 \u00a0 \u00a0 \u00a0Don Gil Direnzo Galve y Don Pedro Iranzo<\/p><p>( 1651 &#8211; &#8230; )\u00a0 \u00a0 \u00a0 \u00a0 \u00a0Don Juan Carrascosa Galve<\/p><p><span style=\"color: var( --e-global-color-text ); font-family: var( --e-global-typography-text-font-family ), Sans-serif; font-size: var( --e-global-typography-text-font-size ); font-weight: var( --e-global-typography-text-font-weight );\">( &#8230; &#8211; 1727 )\u00a0 \u00a0 \u00a0 \u00a0 \u00a0Don Alonso de Medina<\/span><\/p><p>( 1727 &#8211; 1741 )\u00a0 \u00a0 \u00a0Don Francisco Javier P\u00e9rez<\/p><p>( 1940 &#8211; 1959 )\u00a0 \u00a0 Don Avelino Ortiz S\u00e1nchez<\/p><p>( 1967 &#8211; 1968 )\u00a0 \u00a0 Don Carlos Ortiz Ca\u00f1as<\/p><p>( 1968 &#8211; &#8230; )\u00a0 \u00a0 \u00a0 \u00a0 \u00a0Don Enrique Ser\u00f3n Mart\u00ed<\/p>\t\t\t\t\t\t<\/div>\n\t\t\t\t<\/div>\n\t\t\t\t\t<\/div>\n\t\t<\/div>\n\t\t\t\t\t<\/div>\n\t\t<\/section>\n\t\t\t\t<section class=\"elementor-section elementor-top-section elementor-element elementor-element-7a3be69 elementor-section-boxed elementor-section-height-default elementor-section-height-default\" data-id=\"7a3be69\" data-element_type=\"section\">\n\t\t\t\t\t\t<div class=\"elementor-container elementor-column-gap-default\">\n\t\t\t\t\t<div class=\"elementor-column elementor-col-100 elementor-top-column elementor-element elementor-element-ff3f656\" data-id=\"ff3f656\" data-element_type=\"column\">\n\t\t\t<div class=\"elementor-widget-wrap elementor-element-populated\">\n\t\t\t\t\t\t<div class=\"elementor-element elementor-element-f65618e elementor-widget elementor-widget-spacer\" data-id=\"f65618e\" data-element_type=\"widget\" data-widget_type=\"spacer.default\">\n\t\t\t\t<div class=\"elementor-widget-container\">\n\t\t\t\t\t<div class=\"elementor-spacer\">\n\t\t\t<div class=\"elementor-spacer-inner\"><\/div>\n\t\t<\/div>\n\t\t\t\t<\/div>\n\t\t\t\t<\/div>\n\t\t\t\t\t<\/div>\n\t\t<\/div>\n\t\t\t\t\t<\/div>\n\t\t<\/section>\n\t\t\t\t<section class=\"elementor-section elementor-top-section elementor-element elementor-element-d92dc72 elementor-section-full_width elementor-section-height-min-height elementor-section-stretched elementor-section-height-default elementor-section-items-middle\" data-id=\"d92dc72\" data-element_type=\"section\" data-settings=\"{&quot;stretch_section&quot;:&quot;section-stretched&quot;,&quot;background_background&quot;:&quot;classic&quot;}\">\n\t\t\t\t\t\t<div class=\"elementor-container elementor-column-gap-default\">\n\t\t\t\t\t<div class=\"elementor-column elementor-col-100 elementor-top-column elementor-element elementor-element-67d8438\" data-id=\"67d8438\" data-element_type=\"column\">\n\t\t\t<div class=\"elementor-widget-wrap\">\n\t\t\t\t\t\t\t<\/div>\n\t\t<\/div>\n\t\t\t\t\t<\/div>\n\t\t<\/section>\n\t\t\t\t<\/div>\n\t\t","protected":false},"excerpt":{"rendered":"<p>Real Cofrad\u00eda Saludo del P\u00e1rroco Saludo del Mayordomo Historia Gobierno Ordenanzas \/ Reglamento Alta de cofrades Saludo del Mayordomo La Real Cofrad\u00eda de Nuestra Se\u00f1ora del Remedio, Patrona de la Ciudad de Utiel, desde su fundaci\u00f3n en 1606, defiende d\u00eda a d\u00eda, desde el amor a Nuestra Madre, la Virgen del Remedio, los mejores sentimientos &hellip; <\/p>\n<p class=\"link-more\"><a href=\"https:\/\/virgendelremedioutiel.com\/?page_id=31\" class=\"more-link\">Leer m\u00e1s<span class=\"screen-reader-text\"> \u00abSaludo del Mayordomo\u00bb<\/span><\/a><\/p>\n","protected":false},"author":1,"featured_media":197,"parent":0,"menu_order":0,"comment_status":"closed","ping_status":"closed","template":"","meta":{"footnotes":""},"class_list":["post-31","page","type-page","status-publish","has-post-thumbnail","hentry"],"_links":{"self":[{"href":"https:\/\/virgendelremedioutiel.com\/index.php?rest_route=\/wp\/v2\/pages\/31","targetHints":{"allow":["GET"]}}],"collection":[{"href":"https:\/\/virgendelremedioutiel.com\/index.php?rest_route=\/wp\/v2\/pages"}],"about":[{"href":"https:\/\/virgendelremedioutiel.com\/index.php?rest_route=\/wp\/v2\/types\/page"}],"author":[{"embeddable":true,"href":"https:\/\/virgendelremedioutiel.com\/index.php?rest_route=\/wp\/v2\/users\/1"}],"replies":[{"embeddable":true,"href":"https:\/\/virgendelremedioutiel.com\/index.php?rest_route=%2Fwp%2Fv2%2Fcomments&post=31"}],"version-history":[{"count":125,"href":"https:\/\/virgendelremedioutiel.com\/index.php?rest_route=\/wp\/v2\/pages\/31\/revisions"}],"predecessor-version":[{"id":10587,"href":"https:\/\/virgendelremedioutiel.com\/index.php?rest_route=\/wp\/v2\/pages\/31\/revisions\/10587"}],"wp:featuredmedia":[{"embeddable":true,"href":"https:\/\/virgendelremedioutiel.com\/index.php?rest_route=\/wp\/v2\/media\/197"}],"wp:attachment":[{"href":"https:\/\/virgendelremedioutiel.com\/index.php?rest_route=%2Fwp%2Fv2%2Fmedia&parent=31"}],"curies":[{"name":"wp","href":"https:\/\/api.w.org\/{rel}","templated":true}]}}